{"id":1077,"date":"2025-08-06T18:55:00","date_gmt":"2025-08-06T17:55:00","guid":{"rendered":"https:\/\/scl.org.pl\/?page_id=1077"},"modified":"2025-08-06T19:03:09","modified_gmt":"2025-08-06T18:03:09","slug":"formularz-aplikacyjny","status":"publish","type":"page","link":"https:\/\/scl.org.pl\/en\/formularz-aplikacyjny\/","title":{"rendered":"Application form"},"content":{"rendered":"<div data-elementor-type=\"wp-page\" data-elementor-id=\"1077\" class=\"elementor elementor-1077\" data-elementor-post-type=\"page\">\n\t\t\t\t<div class=\"elementor-element elementor-element-f6011ae e-flex e-con-boxed wpr-particle-no wpr-jarallax-no wpr-parallax-no wpr-sticky-section-no e-con e-parent\" data-id=\"f6011ae\" data-element_type=\"container\">\n\t\t\t\t\t<div class=\"e-con-inner\">\n\t\t\t\t<div class=\"elementor-element elementor-element-1982a31 elementor-invisible elementor-widget elementor-widget-heading\" data-id=\"1982a31\" data-element_type=\"widget\" data-settings=\"{&quot;_animation&quot;:&quot;fadeInDown&quot;}\" data-widget_type=\"heading.default\">\n\t\t\t\t<div class=\"elementor-widget-container\">\n\t\t\t\t\t<h2 class=\"elementor-heading-title elementor-size-default\">Application form<\/h2>\t\t\t\t<\/div>\n\t\t\t\t<\/div>\n\t\t\t\t\t<\/div>\n\t\t\t\t<\/div>\n\t\t<div class=\"elementor-element elementor-element-7ecca640 e-flex e-con-boxed wpr-particle-no wpr-jarallax-no wpr-parallax-no wpr-sticky-section-no e-con e-parent\" data-id=\"7ecca640\" data-element_type=\"container\">\n\t\t\t\t\t<div class=\"e-con-inner\">\n\t\t\t\t<div class=\"elementor-element elementor-element-5efdf6cd elementor-widget elementor-widget-text-editor\" data-id=\"5efdf6cd\" data-element_type=\"widget\" data-widget_type=\"text-editor.default\">\n\t\t\t\t<div class=\"elementor-widget-container\">\n\t\t\t\t\t\t\t\t\t\n<p>Please complete the application form to submit your application for membership in SCL Poland. The Association&#039;s Board will decide on admission within three months of receiving the application, sending the candidate an invitation and setting a deadline of no less than 14 days for payment of the registration and annual fees.<\/p>\n\t\t\t\t\t\t\t\t<\/div>\n\t\t\t\t<\/div>\n\t\t\t\t<div class=\"elementor-element elementor-element-47b5019 elementor-widget elementor-widget-shortcode\" data-id=\"47b5019\" data-element_type=\"widget\" data-widget_type=\"shortcode.default\">\n\t\t\t\t<div class=\"elementor-widget-container\">\n\t\t\t\t\t\t\t<div class=\"elementor-shortcode\"><div class=\"wpforms-container wpforms-container-full wpforms-block wpforms-block-b9de95cd-1764-482a-92f2-8ade86e6471f custom-form wpforms-render-modern\" id=\"wpforms-1074\"><form id=\"wpforms-form-1074\" class=\"wpforms-validate wpforms-form wpforms-ajax-form\" data-formid=\"1074\" method=\"post\" enctype=\"multipart\/form-data\" action=\"\/en\/wp-json\/wp\/v2\/pages\/1077\" data-token=\"f6e1604142ad7b7397d6decbcdc96d32\" data-token-time=\"1777155161\" data-trp-original-action=\"\/en\/wp-json\/wp\/v2\/pages\/1077\"><noscript class=\"wpforms-error-noscript\">Please enable JavaScript in your browser to complete this form.<\/noscript><div class=\"wpforms-hidden\" id=\"wpforms-error-noscript\">Please enable JavaScript in your browser to complete this form.<\/div><div class=\"wpforms-field-container\"><div id=\"wpforms-1074-field_1-container\" class=\"wpforms-field wpforms-field-name\" data-field-id=\"1\"><label class=\"wpforms-field-label\" for=\"wpforms-1074-field_1\">Name <span class=\"wpforms-required-label\" aria-hidden=\"true\">*<\/span><\/label><input type=\"text\" id=\"wpforms-1074-field_1\" class=\"wpforms-field-medium wpforms-field-required\" name=\"wpforms[fields][1]\" aria-errormessage=\"wpforms-1074-field_1-error\" required><\/div><div id=\"wpforms-1074-field_4-container\" class=\"wpforms-field wpforms-field-name\" data-field-id=\"4\"><label class=\"wpforms-field-label\" for=\"wpforms-1074-field_4\">Last name <span class=\"wpforms-required-label\" aria-hidden=\"true\">*<\/span><\/label><input type=\"text\" id=\"wpforms-1074-field_4\" class=\"wpforms-field-medium wpforms-field-required\" name=\"wpforms[fields][4]\" aria-errormessage=\"wpforms-1074-field_4-error\" required><\/div><div id=\"wpforms-1074-field_15-container\" class=\"wpforms-field wpforms-field-text\" data-field-id=\"15\"><label class=\"wpforms-field-label\" for=\"wpforms-1074-field_15\">Phone number <span class=\"wpforms-required-label\" aria-hidden=\"true\">*<\/span><\/label><input type=\"text\" id=\"wpforms-1074-field_15\" class=\"wpforms-field-medium wpforms-field-required\" name=\"wpforms[fields][15]\" aria-errormessage=\"wpforms-1074-field_15-error\" required><\/div><div id=\"wpforms-1074-field_2-container\" class=\"wpforms-field wpforms-field-email\" data-field-id=\"2\"><label class=\"wpforms-field-label\" for=\"wpforms-1074-field_2\">E-mail <span class=\"wpforms-required-label\" aria-hidden=\"true\">*<\/span><\/label><input type=\"email\" id=\"wpforms-1074-field_2\" class=\"wpforms-field-medium wpforms-field-required\" name=\"wpforms[fields][2]\" spellcheck=\"false\" aria-errormessage=\"wpforms-1074-field_2-error\" required><\/div><div id=\"wpforms-1074-field_5-container\" class=\"wpforms-field wpforms-field-text\" data-field-id=\"5\"><label class=\"wpforms-field-label\" for=\"wpforms-1074-field_5\">PESEL (or passport number) <span class=\"wpforms-required-label\" aria-hidden=\"true\">*<\/span><\/label><input type=\"text\" id=\"wpforms-1074-field_5\" class=\"wpforms-field-medium wpforms-field-required\" name=\"wpforms[fields][5]\" aria-errormessage=\"wpforms-1074-field_5-error\" required><\/div><div id=\"wpforms-1074-field_14-container\" class=\"wpforms-field wpforms-field-text\" data-field-id=\"14\"><label class=\"wpforms-field-label\" for=\"wpforms-1074-field_14\">Correspondence address <span class=\"wpforms-required-label\" aria-hidden=\"true\">*<\/span><\/label><input type=\"text\" id=\"wpforms-1074-field_14\" class=\"wpforms-field-medium wpforms-field-required\" name=\"wpforms[fields][14]\" aria-errormessage=\"wpforms-1074-field_14-error\" required><\/div><div id=\"wpforms-1074-field_16-container\" class=\"wpforms-field wpforms-field-text\" data-field-id=\"16\"><label class=\"wpforms-field-label\" for=\"wpforms-1074-field_16\">Place of professional activity <span class=\"wpforms-required-label\" aria-hidden=\"true\">*<\/span><\/label><input type=\"text\" id=\"wpforms-1074-field_16\" class=\"wpforms-field-medium wpforms-field-required\" name=\"wpforms[fields][16]\" aria-errormessage=\"wpforms-1074-field_16-error\" required><\/div><div id=\"wpforms-1074-field_8-container\" class=\"wpforms-field wpforms-field-text\" data-field-id=\"8\"><label class=\"wpforms-field-label\" for=\"wpforms-1074-field_8\">LinkedIn profile<\/label><input type=\"text\" id=\"wpforms-1074-field_8\" class=\"wpforms-field-medium\" name=\"wpforms[fields][8]\" placeholder=\"We encourage you to provide a link to your LinkedIn profile.\" aria-errormessage=\"wpforms-1074-field_8-error\" ><\/div><div id=\"wpforms-1074-field_3-container\" class=\"wpforms-field wpforms-field-textarea\" data-field-id=\"3\"><label class=\"wpforms-field-label\" for=\"wpforms-1074-field_3\">Dossier <span class=\"wpforms-required-label\" aria-hidden=\"true\">*<\/span><\/label><textarea id=\"wpforms-1074-field_3\" class=\"wpforms-field-medium wpforms-field-required\" name=\"wpforms[fields][3]\" placeholder=\"Description of your experience and activities in the industry\" aria-errormessage=\"wpforms-1074-field_3-error\" required><\/textarea><\/div><div id=\"wpforms-1074-field_10-container\" class=\"wpforms-field wpforms-field-checkbox\" data-field-id=\"10\"><fieldset><legend class=\"wpforms-field-label wpforms-label-hide\" aria-hidden=\"false\">Checkboxes <span class=\"wpforms-required-label\" aria-hidden=\"true\">*<\/span><\/legend><ul id=\"wpforms-1074-field_10\" class=\"wpforms-field-required\"><li class=\"choice-1 depth-1\"><input type=\"checkbox\" id=\"wpforms-1074-field_10_1\" name=\"wpforms[fields][10][]\" value=\"Wype\u0142niaj\u0105c i przesy\u0142aj\u0105c formularz niniejszym wyra\u017ca Pani\/Pan zgod\u0119 na przetwarzanie swoich danych osobowych przez Stowarzyszenie Society of Constructon Law, Poland &quot;SCL Poland&quot; jako administratora danych zgodnie z ustaw\u0105 z dnia 29 sierpnia 1997 r. o ochronie praw osobowych (Dz. U. z 2016 r. poz. 922 ze zm.) oraz rozporz\u0105dzeniem Parlamentu Europejskiego i Rady (UE) 2016\/679 z dnia 27 kwietnia 2016 r. w sprawie ochrony os\u00f3b fizycznych w zwi\u0105zku z przetwarzaniem danych osobowych i w sprawie swobodnego przep\u0142ywu takich danych oraz uchylenia dyrektywy 95\/46\/WE (Dz. U. UE. L. z 2016 r. Nr 119) zwanego \u201eRODO\u201d.\" aria-errormessage=\"wpforms-1074-field_10_1-error\" required><label class=\"wpforms-field-label-inline\" for=\"wpforms-1074-field_10_1\">By completing and submitting this form, you hereby give your consent to the processing of your personal data by the Society of Construction Law Poland (\u201cSCL Poland\u201d) as the data controller, in accordance with the Personal Data Protection Act of 29 August 1997 (Journal of Laws of 2016, item 922, as amended) and Regulation (EU) 2016\/679 of the European Parliament and of the Council of 27 April 2016 on the protection of natural persons with regard to the processing of personal data and on the free movement of such data, and repealing Directive 95\/46\/EC (General Data Protection Regulation \u2013 \u201cGDPR\u201d).<\/label><\/li><\/ul><\/fieldset><\/div><div id=\"wpforms-1074-field_13-container\" class=\"wpforms-field wpforms-field-checkbox\" data-field-id=\"13\"><fieldset><legend class=\"wpforms-field-label wpforms-label-hide\" aria-hidden=\"false\">Checkboxes (copy) <span class=\"wpforms-required-label\" aria-hidden=\"true\">*<\/span><\/legend><ul id=\"wpforms-1074-field_13\" class=\"wpforms-field-required\"><li class=\"choice-1 depth-1\"><input type=\"checkbox\" id=\"wpforms-1074-field_13_1\" name=\"wpforms[fields][13][]\" value=\"Akceptuj\u0119 &lt;a href=&quot;https:\/\/scl.org.pl\/polityka-prywatnosci\/&quot;&gt;polityk\u0119 prywatno\u015bci&lt;\/a&gt;\" aria-errormessage=\"wpforms-1074-field_13_1-error\" required><label class=\"wpforms-field-label-inline\" for=\"wpforms-1074-field_13_1\">I accept <a href=\"https:\/\/scl.org.pl\/en\/polityka-prywatnosci\/\">privacy policy<\/a><\/label><\/li><\/ul><\/fieldset><\/div><\/div><!-- .wpforms-field-container --><div class=\"wpforms-recaptcha-container wpforms-is-turnstile\" ><div class=\"g-recaptcha\" data-sitekey=\"0x4AAAAAABzaokgKULdxzZkR\" data-action=\"FormID-1074\"><\/div><input type=\"text\" name=\"g-recaptcha-hidden\" class=\"wpforms-recaptcha-hidden\" style=\"position:absolute!important;clip:rect(0,0,0,0)!important;height:1px!important;width:1px!important;border:0!important;overflow:hidden!important;padding:0!important;margin:0!important;\" data-rule-turnstile=\"1\"><\/div><div class=\"wpforms-submit-container\" ><input type=\"hidden\" name=\"wpforms[id]\" value=\"1074\"><input type=\"hidden\" name=\"page_title\" value=\"\"><input type=\"hidden\" name=\"page_url\" value=\"https:\/\/scl.org.pl\/en\/wp-json\/wp\/v2\/pages\/1077\"><input type=\"hidden\" name=\"url_referer\" value=\"\"><button type=\"submit\" name=\"wpforms[submit]\" id=\"wpforms-submit-1074\" class=\"wpforms-submit custom-submit\" data-alt-text=\"Wysy\u0142anie...\" data-submit-text=\"Wy\u015blij\" aria-live=\"assertive\" value=\"wpforms-submit\">Send<\/button><img decoding=\"async\" src=\"https:\/\/scl.org.pl\/wp-content\/plugins\/wpforms-lite\/assets\/images\/submit-spin.svg\" class=\"wpforms-submit-spinner\" style=\"display: none;\" width=\"26\" height=\"26\" alt=\"Loading\"><\/div><input type=\"hidden\" name=\"trp-form-language\" value=\"en\"\/><\/form><\/div>  <!-- .wpforms-container --><\/div>\n\t\t\t\t\t\t<\/div>\n\t\t\t\t<\/div>\n\t\t\t\t\t<\/div>\n\t\t\t\t<\/div>\n\t\t\t\t<\/div>","protected":false},"excerpt":{"rendered":"<p>Formularz aplikacyjny Prosz\u0119 wype\u0142ni\u0107 formularz aplikacyjny aby zg\u0142osi\u0107 swoj\u0105 kandydatur\u0119 na cz\u0142onka SCL Poland. O przyj\u0119ciu do Stowarzyszenia decyduje\u00a0 Zarz\u0105d Stowarzyszenia w terminie do 3 miesi\u0119cy od dnia otrzymania wniosku, przesy\u0142aj\u0105c Kandydatowi zaproszenie oraz wyznaczaj\u0105c nieprzekraczalny termin nie kr\u00f3tszy ni\u017c 14 dni na uiszczenie op\u0142aty wpisowej i rocznej.<\/p>","protected":false},"author":2,"featured_media":0,"parent":0,"menu_order":0,"comment_status":"closed","ping_status":"closed","template":"","meta":{"neve_meta_sidebar":"","neve_meta_container":"contained","neve_meta_enable_content_width":"","neve_meta_content_width":0,"neve_meta_title_alignment":"","neve_meta_author_avatar":"","neve_post_elements_order":"","neve_meta_disable_header":"","neve_meta_disable_footer":"","neve_meta_disable_title":"","footnotes":""},"class_list":["post-1077","page","type-page","status-publish","hentry"],"_links":{"self":[{"href":"https:\/\/scl.org.pl\/en\/wp-json\/wp\/v2\/pages\/1077","targetHints":{"allow":["GET"]}}],"collection":[{"href":"https:\/\/scl.org.pl\/en\/wp-json\/wp\/v2\/pages"}],"about":[{"href":"https:\/\/scl.org.pl\/en\/wp-json\/wp\/v2\/types\/page"}],"author":[{"embeddable":true,"href":"https:\/\/scl.org.pl\/en\/wp-json\/wp\/v2\/users\/2"}],"replies":[{"embeddable":true,"href":"https:\/\/scl.org.pl\/en\/wp-json\/wp\/v2\/comments?post=1077"}],"version-history":[{"count":8,"href":"https:\/\/scl.org.pl\/en\/wp-json\/wp\/v2\/pages\/1077\/revisions"}],"predecessor-version":[{"id":1087,"href":"https:\/\/scl.org.pl\/en\/wp-json\/wp\/v2\/pages\/1077\/revisions\/1087"}],"wp:attachment":[{"href":"https:\/\/scl.org.pl\/en\/wp-json\/wp\/v2\/media?parent=1077"}],"curies":[{"name":"wp","href":"https:\/\/api.w.org\/{rel}","templated":true}]}}