{"id":616,"date":"2025-07-03T14:09:56","date_gmt":"2025-07-03T13:09:56","guid":{"rendered":"https:\/\/scl.org.pl\/?page_id=616"},"modified":"2026-03-20T14:55:40","modified_gmt":"2026-03-20T13:55:40","slug":"czlonkostwo","status":"publish","type":"page","link":"https:\/\/scl.org.pl\/en\/czlonkostwo\/","title":{"rendered":"Membership"},"content":{"rendered":"<div data-elementor-type=\"wp-page\" data-elementor-id=\"616\" class=\"elementor elementor-616\" data-elementor-post-type=\"page\">\n\t\t\t\t<div class=\"elementor-element elementor-element-b56cae5 e-flex e-con-boxed wpr-particle-no wpr-jarallax-no wpr-parallax-no wpr-sticky-section-no e-con e-parent\" data-id=\"b56cae5\" data-element_type=\"container\" data-settings=\"{&quot;background_background&quot;:&quot;classic&quot;}\">\n\t\t\t\t\t<div class=\"e-con-inner\">\n\t\t\t\t<div class=\"elementor-element elementor-element-d74c2a5 elementor-invisible elementor-widget elementor-widget-heading\" data-id=\"d74c2a5\" data-element_type=\"widget\" data-settings=\"{&quot;_animation&quot;:&quot;fadeInUp&quot;}\" data-widget_type=\"heading.default\">\n\t\t\t\t<div class=\"elementor-widget-container\">\n\t\t\t\t\t<h2 class=\"elementor-heading-title elementor-size-default\">Membership<\/h2>\t\t\t\t<\/div>\n\t\t\t\t<\/div>\n\t\t\t\t\t<\/div>\n\t\t\t\t<\/div>\n\t\t<div class=\"elementor-element elementor-element-6286059 e-flex e-con-boxed wpr-particle-no wpr-jarallax-no wpr-parallax-no wpr-sticky-section-no e-con e-parent\" data-id=\"6286059\" data-element_type=\"container\">\n\t\t\t\t\t<div class=\"e-con-inner\">\n\t\t<div class=\"elementor-element elementor-element-8dcf3d7 e-con-full e-flex wpr-particle-no wpr-jarallax-no wpr-parallax-no wpr-sticky-section-no e-con e-child\" data-id=\"8dcf3d7\" data-element_type=\"container\">\n\t\t\t\t<div class=\"elementor-element elementor-element-6302536 elementor-widget__width-inherit elementor-widget elementor-widget-icon-box\" data-id=\"6302536\" data-element_type=\"widget\" data-widget_type=\"icon-box.default\">\n\t\t\t\t<div class=\"elementor-widget-container\">\n\t\t\t\t\t\t\t<div class=\"elementor-icon-box-wrapper\">\n\n\t\t\t\n\t\t\t\t\t\t<div class=\"elementor-icon-box-content\">\n\n\t\t\t\t\t\t\t\t\t<h3 class=\"elementor-icon-box-title\">\n\t\t\t\t\t\t<span  >\n\t\t\t\t\t\t\tRegular membership\t\t\t\t\t\t<\/span>\n\t\t\t\t\t<\/h3>\n\t\t\t\t\n\t\t\t\t\t\t\t\t\t<p class=\"elementor-icon-box-description\">\n\t\t\t\t\t\t<p style=\"text-align: justify\">\nA regular member can be a person who shows an active interest in the construction process. To become a member, you must have a permanent place of residence in the territory of the Republic of Poland and submit an application together with any certificates confirming the candidate&#039;s knowledge and experience.\n<br>\n<br>\nAdmission to the Association is decided exclusively by the Association&#039;s Board within 3 months of receiving the application, sending the candidate an invitation and setting a deadline of no less than 14 days for paying the entry fee and the annual fee.\n<\/p>\t\t\t\t\t<\/p>\n\t\t\t\t\n\t\t\t<\/div>\n\t\t\t\n\t\t<\/div>\n\t\t\t\t\t\t<\/div>\n\t\t\t\t<\/div>\n\t\t\t\t<div class=\"elementor-element elementor-element-89e2b6c elementor-widget__width-inherit elementor-widget elementor-widget-icon-box\" data-id=\"89e2b6c\" data-element_type=\"widget\" data-widget_type=\"icon-box.default\">\n\t\t\t\t<div class=\"elementor-widget-container\">\n\t\t\t\t\t\t\t<div class=\"elementor-icon-box-wrapper\">\n\n\t\t\t\n\t\t\t\t\t\t<div class=\"elementor-icon-box-content\">\n\n\t\t\t\t\t\t\t\t\t<h3 class=\"elementor-icon-box-title\">\n\t\t\t\t\t\t<span  >\n\t\t\t\t\t\t\tSupporting Membership\t\t\t\t\t\t<\/span>\n\t\t\t\t\t<\/h3>\n\t\t\t\t\n\t\t\t\t\t\t\t\t\t<p class=\"elementor-icon-box-description\">\n\t\t\t\t\t\t<p style=\"text-align: justify\">\nA Supporting Member of the Association may be a natural person, a legal person, an organizational unit without legal personality declaring financial, material or substantive assistance in achieving the Association&#039;s objectives.\n<br>\n<br>\nA Supporting Member becomes a Supporting Member after submitting a written declaration based on a resolution of the Management Board and after paying the entry fee and the annual contribution for supporting members.\n<\/p>\t\t\t\t\t<\/p>\n\t\t\t\t\n\t\t\t<\/div>\n\t\t\t\n\t\t<\/div>\n\t\t\t\t\t\t<\/div>\n\t\t\t\t<\/div>\n\t\t\t\t<div class=\"elementor-element elementor-element-705a073 elementor-widget__width-inherit elementor-widget elementor-widget-icon-box\" data-id=\"705a073\" data-element_type=\"widget\" data-widget_type=\"icon-box.default\">\n\t\t\t\t<div class=\"elementor-widget-container\">\n\t\t\t\t\t\t\t<div class=\"elementor-icon-box-wrapper\">\n\n\t\t\t\n\t\t\t\t\t\t<div class=\"elementor-icon-box-content\">\n\n\t\t\t\t\t\t\t\t\t<h3 class=\"elementor-icon-box-title\">\n\t\t\t\t\t\t<span  >\n\t\t\t\t\t\t\tHonorary membership\t\t\t\t\t\t<\/span>\n\t\t\t\t\t<\/h3>\n\t\t\t\t\n\t\t\t\t\t\t\t\t\t<p class=\"elementor-icon-box-description\">\n\t\t\t\t\t\t<p style=\"text-align: justify\">\nThe General Meeting of Members may elect any person as an Honorary Member of the Association for such period as the General Meeting deems appropriate in view of his education and knowledge. Honorary Members of the Association do not pay an annual fee. No Honorary Member has the right to vote at any Meeting of the Association.\n<\/p>\t\t\t\t\t<\/p>\n\t\t\t\t\n\t\t\t<\/div>\n\t\t\t\n\t\t<\/div>\n\t\t\t\t\t\t<\/div>\n\t\t\t\t<\/div>\n\t\t\t\t<\/div>\n\t\t\t\t\t<\/div>\n\t\t\t\t<\/div>\n\t\t<div class=\"elementor-element elementor-element-f58f10f e-flex e-con-boxed wpr-particle-no wpr-jarallax-no wpr-parallax-no wpr-sticky-section-no elementor-invisible e-con e-parent\" data-id=\"f58f10f\" data-element_type=\"container\" data-settings=\"{&quot;background_background&quot;:&quot;classic&quot;,&quot;animation&quot;:&quot;fadeIn&quot;}\">\n\t\t\t\t\t<div class=\"e-con-inner\">\n\t\t\t\t<div class=\"elementor-element elementor-element-09762c7 elementor-widget elementor-widget-heading\" data-id=\"09762c7\" data-element_type=\"widget\" data-widget_type=\"heading.default\">\n\t\t\t\t<div class=\"elementor-widget-container\">\n\t\t\t\t\t<h2 class=\"elementor-heading-title elementor-size-default\">Application procedure<\/h2>\t\t\t\t<\/div>\n\t\t\t\t<\/div>\n\t\t<div class=\"elementor-element elementor-element-829a87e e-con-full e-flex wpr-particle-no wpr-jarallax-no wpr-parallax-no wpr-sticky-section-no e-con e-child\" data-id=\"829a87e\" data-element_type=\"container\">\n\t\t\t\t<div class=\"elementor-element elementor-element-f3b23fb elementor-widget__width-initial elementor-view-default elementor-position-top elementor-mobile-position-top elementor-widget elementor-widget-icon-box\" data-id=\"f3b23fb\" data-element_type=\"widget\" data-widget_type=\"icon-box.default\">\n\t\t\t\t<div class=\"elementor-widget-container\">\n\t\t\t\t\t\t\t<div class=\"elementor-icon-box-wrapper\">\n\n\t\t\t\t\t\t<div class=\"elementor-icon-box-icon\">\n\t\t\t\t<span  class=\"elementor-icon\">\n\t\t\t\t<svg aria-hidden=\"true\" class=\"e-font-icon-svg e-fab-wpforms\" viewbox=\"0 0 448 512\" xmlns=\"http:\/\/www.w3.org\/2000\/svg\"><path d=\"M448 75.2v361.7c0 24.3-19 43.2-43.2 43.2H43.2C19.3 480 0 461.4 0 436.8V75.2C0 51.1 18.8 32 43.2 32h361.7c24 0 43.1 18.8 43.1 43.2zm-37.3 361.6V75.2c0-3-2.6-5.8-5.8-5.8h-9.3L285.3 144 224 94.1 162.8 144 52.5 69.3h-9.3c-3.2 0-5.8 2.8-5.8 5.8v361.7c0 3 2.6 5.8 5.8 5.8h361.7c3.2.1 5.8-2.7 5.8-5.8zM150.2 186v37H76.7v-37h73.5zm0 74.4v37.3H76.7v-37.3h73.5zm11.1-147.3l54-43.7H96.8l64.5 43.7zm210 72.9v37h-196v-37h196zm0 74.4v37.3h-196v-37.3h196zm-84.6-147.3l64.5-43.7H232.8l53.9 43.7zM371.3 335v37.3h-99.4V335h99.4z\"><\/path><\/svg>\t\t\t\t<\/span>\n\t\t\t<\/div>\n\t\t\t\n\t\t\t\t\t\t<div class=\"elementor-icon-box-content\">\n\n\t\t\t\t\t\t\t\t\t<h3 class=\"elementor-icon-box-title\">\n\t\t\t\t\t\t<span  >\n\t\t\t\t\t\t\tStep 1 - Applying as a candidate for Membership\t\t\t\t\t\t<\/span>\n\t\t\t\t\t<\/h3>\n\t\t\t\t\n\t\t\t\t\t\t\t\t\t<p class=\"elementor-icon-box-description\">\n\t\t\t\t\t\tFilling out the application form <a href=\"https:\/\/scl.org.pl\/en\/formularz-aplikacyjny\/\"><strong>available here<\/strong><\/a>.\t\t\t\t\t<\/p>\n\t\t\t\t\n\t\t\t<\/div>\n\t\t\t\n\t\t<\/div>\n\t\t\t\t\t\t<\/div>\n\t\t\t\t<\/div>\n\t\t\t\t<div class=\"elementor-element elementor-element-ab84b2b elementor-widget__width-initial elementor-view-default elementor-position-top elementor-mobile-position-top elementor-widget elementor-widget-icon-box\" data-id=\"ab84b2b\" data-element_type=\"widget\" data-widget_type=\"icon-box.default\">\n\t\t\t\t<div class=\"elementor-widget-container\">\n\t\t\t\t\t\t\t<div class=\"elementor-icon-box-wrapper\">\n\n\t\t\t\t\t\t<div class=\"elementor-icon-box-icon\">\n\t\t\t\t<span  class=\"elementor-icon\">\n\t\t\t\t<svg aria-hidden=\"true\" class=\"e-font-icon-svg e-fas-user-check\" viewbox=\"0 0 640 512\" xmlns=\"http:\/\/www.w3.org\/2000\/svg\"><path d=\"M224 256c70.7 0 128-57.3 128-128S294.7 0 224 0 96 57.3 96 128s57.3 128 128 128zm89.6 32h-16.7c-22.2 10.2-46.9 16-72.9 16s-50.6-5.8-72.9-16h-16.7C60.2 288 0 348.2 0 422.4V464c0 26.5 21.5 48 48 48h352c26.5 0 48-21.5 48-48v-41.6c0-74.2-60.2-134.4-134.4-134.4zm323-128.4l-27.8-28.1c-4.6-4.7-12.1-4.7-16.8-.1l-104.8 104-45.5-45.8c-4.6-4.7-12.1-4.7-16.8-.1l-28.1 27.9c-4.7 4.6-4.7 12.1-.1 16.8l81.7 82.3c4.6 4.7 12.1 4.7 16.8.1l141.3-140.2c4.6-4.7 4.7-12.2.1-16.8z\"><\/path><\/svg>\t\t\t\t<\/span>\n\t\t\t<\/div>\n\t\t\t\n\t\t\t\t\t\t<div class=\"elementor-icon-box-content\">\n\n\t\t\t\t\t\t\t\t\t<h3 class=\"elementor-icon-box-title\">\n\t\t\t\t\t\t<span  >\n\t\t\t\t\t\t\tStep 2 - verification of candidates for new members by the Management Board\t\t\t\t\t\t<\/span>\n\t\t\t\t\t<\/h3>\n\t\t\t\t\n\t\t\t\t\t\t\t\t\t<p class=\"elementor-icon-box-description\">\n\t\t\t\t\t\tThe Association&#039;s Management Board decides on admission to the Association within 3 months of receiving the application, sending the Candidate an invitation and setting a deadline of no less than 14 days for payment of the entry fee and the annual fee.\t\t\t\t\t<\/p>\n\t\t\t\t\n\t\t\t<\/div>\n\t\t\t\n\t\t<\/div>\n\t\t\t\t\t\t<\/div>\n\t\t\t\t<\/div>\n\t\t\t\t<div class=\"elementor-element elementor-element-35b61cb elementor-widget__width-initial elementor-view-default elementor-position-top elementor-mobile-position-top elementor-widget elementor-widget-icon-box\" data-id=\"35b61cb\" data-element_type=\"widget\" data-widget_type=\"icon-box.default\">\n\t\t\t\t<div class=\"elementor-widget-container\">\n\t\t\t\t\t\t\t<div class=\"elementor-icon-box-wrapper\">\n\n\t\t\t\t\t\t<div class=\"elementor-icon-box-icon\">\n\t\t\t\t<span  class=\"elementor-icon\">\n\t\t\t\t<svg aria-hidden=\"true\" class=\"e-font-icon-svg e-fas-users\" viewbox=\"0 0 640 512\" xmlns=\"http:\/\/www.w3.org\/2000\/svg\"><path d=\"M96 224c35.3 0 64-28.7 64-64s-28.7-64-64-64-64 28.7-64 64 28.7 64 64 64zm448 0c35.3 0 64-28.7 64-64s-28.7-64-64-64-64 28.7-64 64 28.7 64 64 64zm32 32h-64c-17.6 0-33.5 7.1-45.1 18.6 40.3 22.1 68.9 62 75.1 109.4h66c17.7 0 32-14.3 32-32v-32c0-35.3-28.7-64-64-64zm-256 0c61.9 0 112-50.1 112-112S381.9 32 320 32 208 82.1 208 144s50.1 112 112 112zm76.8 32h-8.3c-20.8 10-43.9 16-68.5 16s-47.6-6-68.5-16h-8.3C179.6 288 128 339.6 128 403.2V432c0 26.5 21.5 48 48 48h288c26.5 0 48-21.5 48-48v-28.8c0-63.6-51.6-115.2-115.2-115.2zm-223.7-13.4C161.5 263.1 145.6 256 128 256H64c-35.3 0-64 28.7-64 64v32c0 17.7 14.3 32 32 32h65.9c6.3-47.4 34.9-87.3 75.2-109.4z\"><\/path><\/svg>\t\t\t\t<\/span>\n\t\t\t<\/div>\n\t\t\t\n\t\t\t\t\t\t<div class=\"elementor-icon-box-content\">\n\n\t\t\t\t\t\t\t\t\t<h3 class=\"elementor-icon-box-title\">\n\t\t\t\t\t\t<span  >\n\t\t\t\t\t\t\tStep 3 - Admission of a candidate for Regular Membership\t\t\t\t\t\t<\/span>\n\t\t\t\t\t<\/h3>\n\t\t\t\t\n\t\t\t\t\t\t\t\t\t<p class=\"elementor-icon-box-description\">\n\t\t\t\t\t\tThe selected candidate will be admitted as a Regular Member after paying the entry fee and annual fee.\n<br>\nEntry fee: PLN 200 (one-time fee)\n<br>\nOp\u0142ata roczna: 200,- z\u0142\t\t\t\t\t<\/p>\n\t\t\t\t\n\t\t\t<\/div>\n\t\t\t\n\t\t<\/div>\n\t\t\t\t\t\t<\/div>\n\t\t\t\t<\/div>\n\t\t\t\t<\/div>\n\t\t\t\t\t<\/div>\n\t\t\t\t<\/div>\n\t\t\t\t<\/div>","protected":false},"excerpt":{"rendered":"<p>Cz\u0142onkostwo Cz\u0142onkostwo zwyczajne Cz\u0142onkiem zwyczajnym mo\u017ce zosta\u0107 osoba wykazuj\u0105ca aktywne zainteresowanie procesem budowlanym. Aby zosta\u0107 Cz\u0142onkiem nale\u017cy posiada\u0107 miejsce sta\u0142ego pobytu na terenie RP oraz z\u0142o\u017cy\u0107 wniosek wraz z ewentualnymi po\u015bwiadczeniami potwierdzaj\u0105cymi wiedz\u0119 i do\u015bwiadczenie kandydata. O przyj\u0119ciu do Stowarzyszenia decyduje wy\u0142\u0105cznie Zarz\u0105d Stowarzyszenia w terminie do 3 miesi\u0119cy od dnia otrzymania wniosku, przesy\u0142aj\u0105c kandydatowi zaproszenie oraz wyznaczaj\u0105c nieprzekraczalny termin nie kr\u00f3tszy ni\u017c 14 dni na uiszczenie op\u0142aty wpisowej i rocznej. Cz\u0142onkostwo wspieraj\u0105ce Cz\u0142onkiem Wspieraj\u0105cym Stowarzyszenie mo\u017ce zosta\u0107 osoba fizyczna i prawna, jednostki organizacyjne nieposiadaj\u0105ce osobowo\u015bci prawnej deklaruj\u0105ca pomoc finansow\u0105, rzeczow\u0105 lub merytoryczn\u0105 w realizacji cel\u00f3w Stowarzyszenia. Cz\u0142onkiem Wspieraj\u0105cym staje si\u0119 po z\u0142o\u017ceniu pisemnej deklaracji na podstawie uchwa\u0142y Zarz\u0105du po op\u0142aceniu wpisowego oraz sk\u0142adki rocznej cz\u0142onk\u00f3w wspieraj\u0105cych. Cz\u0142onkostwo honorowe Walne Zebranie Cz\u0142onk\u00f3w mo\u017ce wybra\u0107 dowoln\u0105 osob\u0119 na Cz\u0142onka Honorowego Stowarzyszenia na taki okres, jaki Walne Zebranie uzna za stosowny ze wzgl\u0119du na jej wykszta\u0142cenie i wiedz\u0119. Cz\u0142onkowie Honorowi Stowarzyszenia nie p\u0142ac\u0105 sk\u0142adki rocznej. \u017baden Cz\u0142onek Honorowy nie ma prawa g\u0142osu na jakimkolwiek Zebraniu Stowarzyszenia. Procedura aplikacyjna Krok 1 &#8211; zg\u0142oszenie kandydata na Cz\u0142onka Wype\u0142nienie formularza aplikacyjnego dost\u0119pnego tutaj. Krok 2 &#8211; weryfikacja kandydat\u00f3w na nowych Cz\u0142onk\u00f3w przez Zarz\u0105d O przyj\u0119ciu do Stowarzyszenia decyduje\u00a0 Zarz\u0105d Stowarzyszenia w terminie do 3 miesi\u0119cy od dnia otrzymania wniosku, przesy\u0142aj\u0105c Kandydatowi zaproszenie oraz wyznaczaj\u0105c nieprzekraczalny termin nie kr\u00f3tszy ni\u017c 14 dni na uiszczenie op\u0142aty wpisowej i rocznej. Krok 3 &#8211; przyj\u0119cie kandydata na Cz\u0142onka Zwyczajnego Wybrany kandydat zostanie przyj\u0119ty na Cz\u0142onka Zwyczajnego po uiszczeniu op\u0142aty wpisowej i rocznej. Op\u0142ata wpisowa: 200,- z\u0142 (jednorazowa) Op\u0142ata roczna: 200,- z\u0142<\/p>","protected":false},"author":2,"featured_media":0,"parent":0,"menu_order":0,"comment_status":"closed","ping_status":"closed","template":"page-templates\/template-pagebuilder-full-width.php","meta":{"neve_meta_sidebar":"","neve_meta_container":"","neve_meta_enable_content_width":"","neve_meta_content_width":0,"neve_meta_title_alignment":"","neve_meta_author_avatar":"","neve_post_elements_order":"","neve_meta_disable_header":"","neve_meta_disable_footer":"","neve_meta_disable_title":"","footnotes":""},"class_list":["post-616","page","type-page","status-publish","hentry"],"_links":{"self":[{"href":"https:\/\/scl.org.pl\/en\/wp-json\/wp\/v2\/pages\/616","targetHints":{"allow":["GET"]}}],"collection":[{"href":"https:\/\/scl.org.pl\/en\/wp-json\/wp\/v2\/pages"}],"about":[{"href":"https:\/\/scl.org.pl\/en\/wp-json\/wp\/v2\/types\/page"}],"author":[{"embeddable":true,"href":"https:\/\/scl.org.pl\/en\/wp-json\/wp\/v2\/users\/2"}],"replies":[{"embeddable":true,"href":"https:\/\/scl.org.pl\/en\/wp-json\/wp\/v2\/comments?post=616"}],"version-history":[{"count":34,"href":"https:\/\/scl.org.pl\/en\/wp-json\/wp\/v2\/pages\/616\/revisions"}],"predecessor-version":[{"id":1421,"href":"https:\/\/scl.org.pl\/en\/wp-json\/wp\/v2\/pages\/616\/revisions\/1421"}],"wp:attachment":[{"href":"https:\/\/scl.org.pl\/en\/wp-json\/wp\/v2\/media?parent=616"}],"curies":[{"name":"wp","href":"https:\/\/api.w.org\/{rel}","templated":true}]}}