{"id":620,"date":"2025-07-03T14:11:08","date_gmt":"2025-07-03T13:11:08","guid":{"rendered":"https:\/\/scl.org.pl\/?page_id=620"},"modified":"2025-07-09T09:20:38","modified_gmt":"2025-07-09T08:20:38","slug":"delay-and-disruption-protocol","status":"publish","type":"page","link":"https:\/\/scl.org.pl\/en\/delay-and-disruption-protocol\/","title":{"rendered":"Delay and Disruption Protocol"},"content":{"rendered":"<div data-elementor-type=\"wp-page\" data-elementor-id=\"620\" class=\"elementor elementor-620\" data-elementor-post-type=\"page\">\n\t\t\t\t<div class=\"elementor-element elementor-element-95844ab e-flex e-con-boxed wpr-particle-no wpr-jarallax-no wpr-parallax-no wpr-sticky-section-no e-con e-parent\" data-id=\"95844ab\" data-element_type=\"container\">\n\t\t\t\t\t<div class=\"e-con-inner\">\n\t\t\t\t<div class=\"elementor-element elementor-element-abec96b elementor-invisible elementor-widget elementor-widget-heading\" data-id=\"abec96b\" data-element_type=\"widget\" data-settings=\"{&quot;_animation&quot;:&quot;fadeInDown&quot;}\" data-widget_type=\"heading.default\">\n\t\t\t\t<div class=\"elementor-widget-container\">\n\t\t\t\t\t<h2 class=\"elementor-heading-title elementor-size-default\">SCL Delay and Disruption Protocol<\/h2>\t\t\t\t<\/div>\n\t\t\t\t<\/div>\n\t\t\t\t\t<\/div>\n\t\t\t\t<\/div>\n\t\t<div class=\"elementor-element elementor-element-fd3d767 e-flex e-con-boxed wpr-particle-no wpr-jarallax-no wpr-parallax-no wpr-sticky-section-no e-con e-parent\" data-id=\"fd3d767\" data-element_type=\"container\">\n\t\t\t\t\t<div class=\"e-con-inner\">\n\t\t\t\t<div class=\"elementor-element elementor-element-eafb1ce elementor-widget elementor-widget-text-editor\" data-id=\"eafb1ce\" data-element_type=\"widget\" data-widget_type=\"text-editor.default\">\n\t\t\t\t<div class=\"elementor-widget-container\">\n\t\t\t\t\t\t\t\t\t<p data-start=\"57\" data-end=\"519\">This Protocol has been prepared by the Society of Construction Law for determining extensions of time and compensation for delay and disruption. It exists to provide guidance to all parties to the construction process when dealing with delay and disruption matters. It recognises that transparency of information and methodology is central to both dispute prevention and dispute resolution.<\/p><p data-start=\"521\" data-end=\"685\">More information can be found at:\u00a0<a href=\"https:\/\/www.scl.org.uk\/resources\/delay-disruption-protocol\" target=\"_blank\" rel=\"noopener\">https:\/\/www.scl.org.uk\/resources\/delay-disruption-protocol<\/a><\/p>\t\t\t\t\t\t\t\t<\/div>\n\t\t\t\t<\/div>\n\t\t\t\t\t<\/div>\n\t\t\t\t<\/div>\n\t\t\t\t<\/div>","protected":false},"excerpt":{"rendered":"<p>SCL Delay and Disruption Protocol Niniejszy Protok\u00f3\u0142 zosta\u0142 opracowany przez Society of Construction Law w celu okre\u015blenia zasad przed\u0142u\u017cania termin\u00f3w realizacji oraz rekompensaty za op\u00f3\u017anienia i zak\u0142\u00f3cenia. Jego celem jest dostarczenie wskaz\u00f3wek wszystkim uczestnikom procesu budowlanego w zakresie post\u0119powania z kwestiami op\u00f3\u017anie\u0144 i zak\u0142\u00f3ce\u0144. Protok\u00f3\u0142 uznaje, \u017ce przejrzysto\u015b\u0107 informacji i stosowanej metodyki ma kluczowe znaczenie zar\u00f3wno w zapobieganiu sporom, jak i w ich rozwi\u0105zywaniu. Wi\u0119cej informacji mo\u017cna znale\u017a\u0107 na stronie:\u00a0https:\/\/www.scl.org.uk\/resources\/delay-disruption-protocol<\/p>","protected":false},"author":2,"featured_media":0,"parent":0,"menu_order":0,"comment_status":"closed","ping_status":"closed","template":"page-templates\/template-pagebuilder-full-width.php","meta":{"neve_meta_sidebar":"","neve_meta_container":"","neve_meta_enable_content_width":"","neve_meta_content_width":0,"neve_meta_title_alignment":"","neve_meta_author_avatar":"","neve_post_elements_order":"","neve_meta_disable_header":"","neve_meta_disable_footer":"","neve_meta_disable_title":"","footnotes":""},"class_list":["post-620","page","type-page","status-publish","hentry"],"_links":{"self":[{"href":"https:\/\/scl.org.pl\/en\/wp-json\/wp\/v2\/pages\/620","targetHints":{"allow":["GET"]}}],"collection":[{"href":"https:\/\/scl.org.pl\/en\/wp-json\/wp\/v2\/pages"}],"about":[{"href":"https:\/\/scl.org.pl\/en\/wp-json\/wp\/v2\/types\/page"}],"author":[{"embeddable":true,"href":"https:\/\/scl.org.pl\/en\/wp-json\/wp\/v2\/users\/2"}],"replies":[{"embeddable":true,"href":"https:\/\/scl.org.pl\/en\/wp-json\/wp\/v2\/comments?post=620"}],"version-history":[{"count":4,"href":"https:\/\/scl.org.pl\/en\/wp-json\/wp\/v2\/pages\/620\/revisions"}],"predecessor-version":[{"id":937,"href":"https:\/\/scl.org.pl\/en\/wp-json\/wp\/v2\/pages\/620\/revisions\/937"}],"wp:attachment":[{"href":"https:\/\/scl.org.pl\/en\/wp-json\/wp\/v2\/media?parent=620"}],"curies":[{"name":"wp","href":"https:\/\/api.w.org\/{rel}","templated":true}]}}